{"id":3,"date":"2022-11-18T15:44:22","date_gmt":"2022-11-18T15:44:22","guid":{"rendered":"https:\/\/carnica-zuchtgruppe-salzburg.at\/test\/?page_id=3"},"modified":"2023-01-10T19:04:43","modified_gmt":"2023-01-10T18:04:43","slug":"impressum","status":"publish","type":"page","link":"https:\/\/carnica-zuchtgruppe-salzburg.at\/index.php\/impressum\/","title":{"rendered":"Impressum"},"content":{"rendered":"<section  class='av_textblock_section av-lcqjik2b-4251de1470bd0931152e1016be6d7f02 '   itemscope=\"itemscope\" itemtype=\"https:\/\/schema.org\/CreativeWork\" ><div class='avia_textblock'  itemprop=\"text\" ><h3>Haftungsausschluss<\/h3>\n<p>Die Inhalte dieser Website wurden mit gr\u00f6\u00dftm\u00f6glicher Sorgfalt und unter Beachtung von Rechten (z.B. Urheberrecht) Dritter erstellt. Zwar wird diese Website regelm\u00e4\u00dfig auf Aktualit\u00e4t, Vollst\u00e4ndigkeit und Richtigkeit \u00fcberpr\u00fcft, dies kann jedoch trotzdem nicht gew\u00e4hrleistet werden. Wir ersuchen daher bei Unklarheiten direkt mit uns Kontakt aufzunehmen. Eine Haftung f\u00fcr die Inhalte auf dieser Website und insbesondere die gesetzten Links wird nur im Rahmen von \u00a7 17 ECG \u00fcbernommen. Die Links werden ebenfalls unter gr\u00f6\u00dftm\u00f6glicher Sorgfalt gesetzt und auch \u00fcberpr\u00fcft. Dennoch kann nicht garantiert werden, dass sich die verlinkte Seite nicht ohne unsere Kenntnis und Zutun \u00e4ndert. Zum Zeitpunkt der Verlinkung haben sich diese Links rechtskonform dargestellt. Sollten wir auf ein rechtliches Problem aufmerksam (gemacht) werden, so wird der betreffende Link umgehend entfernt. Die Inhalte auf dieser Website wurden entweder von uns selbst erstellt oder haben wir die Verwertungsrechte an den Inhalten. Eine Verwendung der Inhalte (insbesondere auch Bilder auf der Website) ohne unsere ausdr\u00fcckliche Zustimmung ist nicht gestattet. Die Website unterliegt dem \u00f6sterreichischen Recht. Gerichtsstand ist das sachlich zust\u00e4ndige Gericht in Salzburg. Die Carnica Zuchtgruppe Salzburg richtet ihre T\u00e4tigkeit nur auf \u00d6sterreich aus. Eine Ausrichtung auf andere L\u00e4nder findet nicht statt.<\/p>\n<h3>Datenschutzerkl\u00e4rung<\/h3>\n<h4>Wer wir sind<\/h4>\n<p>Die Adresse unserer Website ist: <a href=\"https:\/\/carnica-zuchtgruppe-salzburg.at.\">https:\/\/carnica-zuchtgruppe-salzburg.at<\/a><\/p>\n<p>Kontakt: <a href=\"mailto:info@carnica-zuchtgruppe-salzburg.at\">info@carnica-zuchtgruppe-salzburg.at<\/a><\/p>\n<p>Diese Website wird von der Carnica Zuchtgruppe Salzburg betrieben. Diese Website dient Bienen-Z\u00fcchtern und Imkern als Informationsplattform rund um die Bienenhaltung und Zucht.<\/p>\n<h4>Kontaktformular<\/h4>\n<p>Falls Du uns \u00fcber das Kontaktformular kontaktierst, werden deine angegebenen Daten f\u00fcr die Bearbeitung der Anfrage und f\u00fcr den Fall von Anschlussfragen zw\u00f6lf Monaten bei uns gespeichert. Diese Daten werden von uns nicht ohne deine Einwilligung weitergegeben.<\/p>\n<h4>Kommentare<\/h4>\n<p>Wenn Besucher Kommentare auf der Website schreiben, sammeln wir die Daten, die im Kommentar-Formular angezeigt werden, au\u00dferdem die IP-Adresse des Besuchers und den User-Agent-String (damit wird der Browser identifiziert), um die Erkennung von Spam zu unterst\u00fctzen.<\/p>\n<p>Aus deiner E-Mail-Adresse kann eine anonymisierte Zeichenfolge erstellt (auch Hash genannt) und dem Gravatar-Dienst \u00fcbergeben werden, um zu pr\u00fcfen, ob du diesen benutzt. Die Datenschutzerkl\u00e4rung des Gravatar-Dienstes findest du hier: https:\/\/automattic.com\/privacy\/. Nachdem dein Kommentar freigegeben wurde, ist dein Profilbild \u00f6ffentlich im Kontext deines Kommentars sichtbar.<\/p>\n<h4>Cookies<\/h4>\n<p>Wenn du einen Kommentar auf unserer Website schreibst, kann das eine Einwilligung sein, deinen Namen, E-Mail-Adresse und Website in Cookies zu speichern. Dies ist eine Komfortfunktion, damit du nicht, wenn du einen weiteren Kommentar schreibst, all diese Daten erneut eingeben musst. Diese Cookies werden ein Jahr lang gespeichert.<\/p>\n<h4>Eingebettete Inhalte von anderen Websites<\/h4>\n<p>Beitr\u00e4ge auf dieser Website k\u00f6nnen eingebettete Inhalte beinhalten (z.\u00a0B. Videos, Bilder, Beitr\u00e4ge etc.). Eingebettete Inhalte von anderen Websites verhalten sich exakt so, als ob der Besucher die andere Website besucht h\u00e4tte.<\/p>\n<p>Diese Websites k\u00f6nnen Daten \u00fcber dich sammeln, Cookies benutzen, zus\u00e4tzliche Tracking-Dienste von Dritten einbetten und deine Interaktion mit diesem eingebetteten Inhalt aufzeichnen, inklusive deiner Interaktion mit dem eingebetteten Inhalt, falls du ein Konto hast und auf dieser Website angemeldet bist.<\/p>\n<h4>Wie lange wir deine Daten speichern<\/h4>\n<p>Wenn du einen Kommentar schreibst, wird dieser inklusive Metadaten zeitlich unbegrenzt gespeichert. Auf diese Art k\u00f6nnen wir Folgekommentare automatisch erkennen und freigeben, anstatt sie in einer Moderations-Warteschlange festzuhalten.<\/p>\n<h4>Welche Rechte du an deinen Daten hast<\/h4>\n<p>Du kannst die L\u00f6schung aller personenbezogenen Daten, die wir von dir gespeichert haben, anfordern. Dies umfasst nicht die Daten, die wir aufgrund administrativer, rechtlicher oder sicherheitsrelevanter Notwendigkeiten aufbewahren m\u00fcssen.<\/p>\n<h4>Wohin deine Daten gesendet werden<\/h4>\n<p>Besucher-Kommentare k\u00f6nnten von einem automatisierten Dienst zur Spam-Erkennung untersucht werden.<\/p>\n<\/div><\/section>\n","protected":false},"excerpt":{"rendered":"","protected":false},"author":1,"featured_media":0,"parent":0,"menu_order":0,"comment_status":"closed","ping_status":"closed","template":"","meta":{"footnotes":""},"class_list":["post-3","page","type-page","status-publish","hentry"],"yoast_head":"<!-- This site is optimized with the Yoast SEO plugin v27.4 - https:\/\/yoast.com\/product\/yoast-seo-wordpress\/ -->\n<title>Impressum - Carnica Zuchtgruppe Salzburg<\/title>\n<meta name=\"robots\" content=\"index, follow, max-snippet:-1, max-image-preview:large, max-video-preview:-1\" \/>\n<link rel=\"canonical\" href=\"https:\/\/carnica-zuchtgruppe-salzburg.at\/index.php\/impressum\/\" \/>\n<meta property=\"og:locale\" content=\"de_DE\" \/>\n<meta property=\"og:type\" content=\"article\" \/>\n<meta property=\"og:title\" content=\"Impressum - Carnica Zuchtgruppe Salzburg\" \/>\n<meta property=\"og:url\" content=\"https:\/\/carnica-zuchtgruppe-salzburg.at\/index.php\/impressum\/\" \/>\n<meta property=\"og:site_name\" content=\"Carnica Zuchtgruppe Salzburg\" \/>\n<meta property=\"article:modified_time\" content=\"2023-01-10T18:04:43+00:00\" \/>\n<meta name=\"twitter:card\" content=\"summary_large_image\" \/>\n<meta name=\"twitter:label1\" content=\"Gesch\u00e4tzte Lesezeit\" \/>\n\t<meta name=\"twitter:data1\" content=\"4\u00a0Minuten\" \/>\n<script type=\"application\/ld+json\" class=\"yoast-schema-graph\">{\"@context\":\"https:\\\/\\\/schema.org\",\"@graph\":[{\"@type\":\"WebPage\",\"@id\":\"https:\\\/\\\/carnica-zuchtgruppe-salzburg.at\\\/index.php\\\/impressum\\\/\",\"url\":\"https:\\\/\\\/carnica-zuchtgruppe-salzburg.at\\\/index.php\\\/impressum\\\/\",\"name\":\"Impressum - Carnica Zuchtgruppe Salzburg\",\"isPartOf\":{\"@id\":\"https:\\\/\\\/carnica-zuchtgruppe-salzburg.at\\\/#website\"},\"datePublished\":\"2022-11-18T15:44:22+00:00\",\"dateModified\":\"2023-01-10T18:04:43+00:00\",\"breadcrumb\":{\"@id\":\"https:\\\/\\\/carnica-zuchtgruppe-salzburg.at\\\/index.php\\\/impressum\\\/#breadcrumb\"},\"inLanguage\":\"de\",\"potentialAction\":[{\"@type\":\"ReadAction\",\"target\":[\"https:\\\/\\\/carnica-zuchtgruppe-salzburg.at\\\/index.php\\\/impressum\\\/\"]}]},{\"@type\":\"BreadcrumbList\",\"@id\":\"https:\\\/\\\/carnica-zuchtgruppe-salzburg.at\\\/index.php\\\/impressum\\\/#breadcrumb\",\"itemListElement\":[{\"@type\":\"ListItem\",\"position\":1,\"name\":\"Startseite\",\"item\":\"https:\\\/\\\/carnica-zuchtgruppe-salzburg.at\\\/index.php\\\/frontpage\\\/\"},{\"@type\":\"ListItem\",\"position\":2,\"name\":\"Impressum\"}]},{\"@type\":\"WebSite\",\"@id\":\"https:\\\/\\\/carnica-zuchtgruppe-salzburg.at\\\/#website\",\"url\":\"https:\\\/\\\/carnica-zuchtgruppe-salzburg.at\\\/\",\"name\":\"Carnica Zuchtgruppe Salzburg\",\"description\":\"\",\"potentialAction\":[{\"@type\":\"SearchAction\",\"target\":{\"@type\":\"EntryPoint\",\"urlTemplate\":\"https:\\\/\\\/carnica-zuchtgruppe-salzburg.at\\\/?s={search_term_string}\"},\"query-input\":{\"@type\":\"PropertyValueSpecification\",\"valueRequired\":true,\"valueName\":\"search_term_string\"}}],\"inLanguage\":\"de\"}]}<\/script>\n<!-- \/ Yoast SEO plugin. -->","yoast_head_json":{"title":"Impressum - Carnica Zuchtgruppe Salzburg","robots":{"index":"index","follow":"follow","max-snippet":"max-snippet:-1","max-image-preview":"max-image-preview:large","max-video-preview":"max-video-preview:-1"},"canonical":"https:\/\/carnica-zuchtgruppe-salzburg.at\/index.php\/impressum\/","og_locale":"de_DE","og_type":"article","og_title":"Impressum - Carnica Zuchtgruppe Salzburg","og_url":"https:\/\/carnica-zuchtgruppe-salzburg.at\/index.php\/impressum\/","og_site_name":"Carnica Zuchtgruppe Salzburg","article_modified_time":"2023-01-10T18:04:43+00:00","twitter_card":"summary_large_image","twitter_misc":{"Gesch\u00e4tzte Lesezeit":"4\u00a0Minuten"},"schema":{"@context":"https:\/\/schema.org","@graph":[{"@type":"WebPage","@id":"https:\/\/carnica-zuchtgruppe-salzburg.at\/index.php\/impressum\/","url":"https:\/\/carnica-zuchtgruppe-salzburg.at\/index.php\/impressum\/","name":"Impressum - Carnica Zuchtgruppe Salzburg","isPartOf":{"@id":"https:\/\/carnica-zuchtgruppe-salzburg.at\/#website"},"datePublished":"2022-11-18T15:44:22+00:00","dateModified":"2023-01-10T18:04:43+00:00","breadcrumb":{"@id":"https:\/\/carnica-zuchtgruppe-salzburg.at\/index.php\/impressum\/#breadcrumb"},"inLanguage":"de","potentialAction":[{"@type":"ReadAction","target":["https:\/\/carnica-zuchtgruppe-salzburg.at\/index.php\/impressum\/"]}]},{"@type":"BreadcrumbList","@id":"https:\/\/carnica-zuchtgruppe-salzburg.at\/index.php\/impressum\/#breadcrumb","itemListElement":[{"@type":"ListItem","position":1,"name":"Startseite","item":"https:\/\/carnica-zuchtgruppe-salzburg.at\/index.php\/frontpage\/"},{"@type":"ListItem","position":2,"name":"Impressum"}]},{"@type":"WebSite","@id":"https:\/\/carnica-zuchtgruppe-salzburg.at\/#website","url":"https:\/\/carnica-zuchtgruppe-salzburg.at\/","name":"Carnica Zuchtgruppe Salzburg","description":"","potentialAction":[{"@type":"SearchAction","target":{"@type":"EntryPoint","urlTemplate":"https:\/\/carnica-zuchtgruppe-salzburg.at\/?s={search_term_string}"},"query-input":{"@type":"PropertyValueSpecification","valueRequired":true,"valueName":"search_term_string"}}],"inLanguage":"de"}]}},"_links":{"self":[{"href":"https:\/\/carnica-zuchtgruppe-salzburg.at\/index.php\/wp-json\/wp\/v2\/pages\/3","targetHints":{"allow":["GET"]}}],"collection":[{"href":"https:\/\/carnica-zuchtgruppe-salzburg.at\/index.php\/wp-json\/wp\/v2\/pages"}],"about":[{"href":"https:\/\/carnica-zuchtgruppe-salzburg.at\/index.php\/wp-json\/wp\/v2\/types\/page"}],"author":[{"embeddable":true,"href":"https:\/\/carnica-zuchtgruppe-salzburg.at\/index.php\/wp-json\/wp\/v2\/users\/1"}],"replies":[{"embeddable":true,"href":"https:\/\/carnica-zuchtgruppe-salzburg.at\/index.php\/wp-json\/wp\/v2\/comments?post=3"}],"version-history":[{"count":1,"href":"https:\/\/carnica-zuchtgruppe-salzburg.at\/index.php\/wp-json\/wp\/v2\/pages\/3\/revisions"}],"predecessor-version":[{"id":710,"href":"https:\/\/carnica-zuchtgruppe-salzburg.at\/index.php\/wp-json\/wp\/v2\/pages\/3\/revisions\/710"}],"wp:attachment":[{"href":"https:\/\/carnica-zuchtgruppe-salzburg.at\/index.php\/wp-json\/wp\/v2\/media?parent=3"}],"curies":[{"name":"wp","href":"https:\/\/api.w.org\/{rel}","templated":true}]}}